{"id":15710,"date":"2022-09-26T09:50:47","date_gmt":"2022-09-26T13:50:47","guid":{"rendered":"https:\/\/changingclimate.ca\/?page_id=15710"},"modified":"2022-11-22T11:18:55","modified_gmt":"2022-11-22T16:18:55","slug":"autres-exemples","status":"publish","type":"page","link":"https:\/\/dev.changingclimate.ca\/fr\/autres-exemples\/","title":{"rendered":"Autres exemples"},"content":{"rendered":"<p>Si vous n&#8217;avez pas trouv\u00e9 les informations que vous recherchiez sur la carte, nous vous encourageons \u00e0 consulter les sites web suivants, qui fournissent des exemples suppl\u00e9mentaires d&#8217;adaptation. Cette page sera r\u00e9guli\u00e8rement mise \u00e0 jour pour refl\u00e9ter les nouvelles ressources.<\/p>\n","protected":false},"excerpt":{"rendered":"<p>Si vous n&#8217;avez pas trouv\u00e9 les informations que vous recherchiez sur la carte, nous vous encourageons \u00e0 consulter les sites web suivants, qui fournissent des exemples suppl\u00e9mentaires d&#8217;adaptation. Cette page sera r\u00e9guli\u00e8rement mise \u00e0 jour pour refl\u00e9ter les nouvelles ressources.<\/p>\n","protected":false},"author":17,"featured_media":900,"parent":0,"menu_order":7,"comment_status":"closed","ping_status":"closed","template":"","meta":{"_acf_changed":false,"_relevanssi_hide_post":"","_relevanssi_hide_content":"","_relevanssi_pin_for_all":"","_relevanssi_pin_keywords":"","_relevanssi_unpin_keywords":"","_relevanssi_related_keywords":"","_relevanssi_related_include_ids":"","_relevanssi_related_exclude_ids":"","_relevanssi_related_no_append":"","_relevanssi_related_not_related":"","_relevanssi_related_posts":"","_relevanssi_noindex_reason":"","_monsterinsights_skip_tracking":false,"_monsterinsights_sitenote_active":false,"_monsterinsights_sitenote_note":"","_monsterinsights_sitenote_category":0,"footnotes":""},"class_list":["post-15710","page","type-page","status-publish","has-post-thumbnail","hentry"],"acf":[],"_links":{"self":[{"href":"https:\/\/dev.changingclimate.ca\/fr\/wp-json\/wp\/v2\/pages\/15710"}],"collection":[{"href":"https:\/\/dev.changingclimate.ca\/fr\/wp-json\/wp\/v2\/pages"}],"about":[{"href":"https:\/\/dev.changingclimate.ca\/fr\/wp-json\/wp\/v2\/types\/page"}],"author":[{"embeddable":true,"href":"https:\/\/dev.changingclimate.ca\/fr\/wp-json\/wp\/v2\/users\/17"}],"replies":[{"embeddable":true,"href":"https:\/\/dev.changingclimate.ca\/fr\/wp-json\/wp\/v2\/comments?post=15710"}],"version-history":[{"count":17,"href":"https:\/\/dev.changingclimate.ca\/fr\/wp-json\/wp\/v2\/pages\/15710\/revisions"}],"predecessor-version":[{"id":16156,"href":"https:\/\/dev.changingclimate.ca\/fr\/wp-json\/wp\/v2\/pages\/15710\/revisions\/16156"}],"wp:featuredmedia":[{"embeddable":true,"href":"https:\/\/dev.changingclimate.ca\/fr\/wp-json\/wp\/v2\/media\/900"}],"wp:attachment":[{"href":"https:\/\/dev.changingclimate.ca\/fr\/wp-json\/wp\/v2\/media?parent=15710"}],"curies":[{"name":"wp","href":"https:\/\/api.w.org\/{rel}","templated":true}]}}